{"id":688,"date":"2026-04-28T09:50:17","date_gmt":"2026-04-28T07:50:17","guid":{"rendered":"https:\/\/actionmall.act.at\/shop\/984\/?post_type=product&#038;p=688"},"modified":"2026-04-28T09:50:18","modified_gmt":"2026-04-28T07:50:18","slug":"fitness-home-set-mama-fit","status":"publish","type":"product","link":"https:\/\/actionmall.act.at\/shop\/984\/produkt\/fitness-home-set-mama-fit\/","title":{"rendered":"Fitness Home-Set \u201eMama Fit"},"content":{"rendered":"<p><span data-teams=\"true\">Das \u201eMama Fit\u201c Home-Set ist das perfekte Geschenk zum Muttertag f\u00fcr alle M\u00fctter, die fit und gesund bleiben m\u00f6chten \u2013 ganz bequem von zu Hause aus. Das Set beinhaltet verschiedene Trainingsger\u00e4te wie Hanteln, Widerstandsb\u00e4nder und Zubeh\u00f6r f\u00fcr ein effektives Ganzk\u00f6rpertraining. Es eignet sich sowohl f\u00fcr Anf\u00e4ngerinnen als auch Fortgeschrittene und erm\u00f6glicht abwechslungsreiche Workouts ohne Fitnessstudio. Besonders praktisch ist die platzsparende Aufbewahrung und die einfache Anwendung im Alltag. Solche Komplettsets sind ideal f\u00fcr ein flexibles Training zu Hause.<br \/>\n<\/span><\/p>\n","protected":false},"excerpt":{"rendered":"<p><span data-teams=\"true\">All-in-One Fitnessset f\u00fcr Zuhause \u2013 perfekt f\u00fcr ein effektives Ganzk\u00f6rpertraining.<\/span><\/p>\n","protected":false},"featured_media":691,"template":"","meta":[],"product_cat":[45],"product_tag":[],"class_list":{"0":"post-688","1":"product","2":"type-product","3":"status-publish","4":"has-post-thumbnail","6":"product_cat-sport-veranstaltungen-hobbies","8":"first","9":"instock","10":"sale","11":"taxable","12":"shipping-taxable","13":"purchasable","14":"product-type-simple"},"_links":{"self":[{"href":"https:\/\/actionmall.act.at\/shop\/984\/wp-json\/wp\/v2\/product\/688"}],"collection":[{"href":"https:\/\/actionmall.act.at\/shop\/984\/wp-json\/wp\/v2\/product"}],"about":[{"href":"https:\/\/actionmall.act.at\/shop\/984\/wp-json\/wp\/v2\/types\/product"}],"wp:featuredmedia":[{"embeddable":true,"href":"https:\/\/actionmall.act.at\/shop\/984\/wp-json\/wp\/v2\/media\/691"}],"wp:attachment":[{"href":"https:\/\/actionmall.act.at\/shop\/984\/wp-json\/wp\/v2\/media?parent=688"}],"wp:term":[{"taxonomy":"product_cat","embeddable":true,"href":"https:\/\/actionmall.act.at\/shop\/984\/wp-json\/wp\/v2\/product_cat?post=688"},{"taxonomy":"product_tag","embeddable":true,"href":"https:\/\/actionmall.act.at\/shop\/984\/wp-json\/wp\/v2\/product_tag?post=688"}],"curies":[{"name":"wp","href":"https:\/\/api.w.org\/{rel}","templated":true}]}}