{"id":700,"date":"2026-05-05T09:10:30","date_gmt":"2026-05-05T07:10:30","guid":{"rendered":"https:\/\/actionmall.act.at\/shop\/984\/?post_type=product&#038;p=700"},"modified":"2026-05-05T10:16:26","modified_gmt":"2026-05-05T08:16:26","slug":"adidas-adizero-evo-sl-evo-sl-exo-laufschuhe","status":"publish","type":"product","link":"https:\/\/actionmall.act.at\/shop\/984\/produkt\/adidas-adizero-evo-sl-evo-sl-exo-laufschuhe\/","title":{"rendered":"Adidas Adizero Evo SL \/ Evo SL EXO (Laufschuhe)"},"content":{"rendered":"<p><strong data-start=\"76\" data-end=\"127\">adidas Adizero Evo SL \/ Evo SL EXO (Laufschuhe)<\/strong><br data-start=\"127\" data-end=\"130\" \/>Ultraleichter Performance-Laufschuh mit reaktiver D\u00e4mpfung und atmungsaktivem Mesh-Upper, entwickelt f\u00fcr schnelle Trainingsl\u00e4ufe und Wettk\u00e4mpfe bei minimalem Gewicht.<\/p>\n","protected":false},"excerpt":{"rendered":"<p><strong data-start=\"76\" data-end=\"127\">adidas Adizero Evo SL \/ Evo SL EXO (Laufschuhe)<\/strong><br data-start=\"127\" data-end=\"130\" \/>Ultraleichter Performance-Laufschuh mit reaktiver D\u00e4mpfung und atmungsaktivem Mesh-Upper, entwickelt f\u00fcr schnelle Trainingsl\u00e4ufe und Wettk\u00e4mpfe bei minimalem Gewicht.<\/p>\n","protected":false},"featured_media":701,"template":"","meta":[],"product_cat":[35,45],"product_tag":[],"class_list":{"0":"post-700","1":"product","2":"type-product","3":"status-publish","4":"has-post-thumbnail","6":"product_cat-bekleidung-und-zubehoer","7":"product_cat-sport-veranstaltungen-hobbies","9":"first","10":"instock","11":"sale","12":"taxable","13":"shipping-taxable","14":"purchasable","15":"product-type-simple"},"_links":{"self":[{"href":"https:\/\/actionmall.act.at\/shop\/984\/wp-json\/wp\/v2\/product\/700"}],"collection":[{"href":"https:\/\/actionmall.act.at\/shop\/984\/wp-json\/wp\/v2\/product"}],"about":[{"href":"https:\/\/actionmall.act.at\/shop\/984\/wp-json\/wp\/v2\/types\/product"}],"wp:featuredmedia":[{"embeddable":true,"href":"https:\/\/actionmall.act.at\/shop\/984\/wp-json\/wp\/v2\/media\/701"}],"wp:attachment":[{"href":"https:\/\/actionmall.act.at\/shop\/984\/wp-json\/wp\/v2\/media?parent=700"}],"wp:term":[{"taxonomy":"product_cat","embeddable":true,"href":"https:\/\/actionmall.act.at\/shop\/984\/wp-json\/wp\/v2\/product_cat?post=700"},{"taxonomy":"product_tag","embeddable":true,"href":"https:\/\/actionmall.act.at\/shop\/984\/wp-json\/wp\/v2\/product_tag?post=700"}],"curies":[{"name":"wp","href":"https:\/\/api.w.org\/{rel}","templated":true}]}}